{"id":164,"date":"2019-11-01T20:10:17","date_gmt":"2019-11-01T19:10:17","guid":{"rendered":"http:\/\/market-and-us.com\/blog\/?page_id=164"},"modified":"2019-11-01T20:10:17","modified_gmt":"2019-11-01T19:10:17","slug":"disclaimer","status":"publish","type":"page","link":"https:\/\/market-and-us.com\/blog\/disclaimer\/","title":{"rendered":"Disclaimer"},"content":{"rendered":"\n<p><strong>Never trade any mentioned stock and after our examples!<\/strong><\/p>\n\n\n\n<p>Market and Us is an educational service and not an investment advisor. Yields and price histories of the past are no indication of the price development in the future. No spoken or written statement within this website constitutes a recommendation to buy or sell a stock or other financial instrument, but is for information and examples only. All content is the opinion of the author(s).<br><em>This applies for the content of market-and-us.com, videos on YouTube and Vimeo of Market and Us and all other connected social media channels.<\/em><\/p>\n\n\n\n<p><strong>Handeln Sie niemals eine genannte Aktie oder nach unseren Beispielen!<\/strong><\/p>\n\n\n\n<p>Market and Us ist ein Informationsservice und kein Finanzberatungsportal. Renditen und Kursverl\u00e4ufe der Vergangenheit sind kein Indikator f\u00fcr die Kursentwicklung in Zukunft. Keine gesprochene oder geschriebene Aussage innerhalb dieser Website stellt eine Empfehlung zum Kauf oder Verkauf einer Aktie oder eines anderen  Finanzinstrumentes dar, sondern dient ausschlie\u00dflich der Information und Beispielen. S\u00e4mtlicher Inhalt stellt ausschlie\u00dflich die Meinung des Autors\/der Autoren dar.<br><em>Dies gilt f\u00fcr die Inhalte der Website market-and-us.com, Videos auf YouTube und Vimeo von Market and Us und s\u00e4mtlichen sozialen Netzwerken.<\/em><\/p>\n","protected":false},"excerpt":{"rendered":"<p>Never trade any mentioned stock and after our examples! Market and Us is an educational service and not an investment advisor. Yields and price histories of the past are no indication of the price development in the future. No spoken or written statement within this website constitutes a recommendation to buy or sell a stock [&hellip;]<\/p>\n","protected":false},"author":1,"featured_media":0,"parent":0,"menu_order":0,"comment_status":"closed","ping_status":"closed","template":"","meta":{"yasr_overall_rating":0,"yasr_post_is_review":"","yasr_auto_insert_disabled":"","yasr_review_type":""},"yoast_head":"<!-- This site is optimized with the Yoast SEO plugin v16.2 - https:\/\/yoast.com\/wordpress\/plugins\/seo\/ -->\n<title>Disclaimer - The Market and Us<\/title>\n<meta name=\"robots\" content=\"index, follow, max-snippet:-1, max-image-preview:large, max-video-preview:-1\" \/>\n<link rel=\"canonical\" href=\"https:\/\/market-and-us.com\/blog\/disclaimer\/\" \/>\n<meta property=\"og:locale\" content=\"en_US\" \/>\n<meta property=\"og:type\" content=\"article\" \/>\n<meta property=\"og:title\" content=\"Disclaimer - The Market and Us\" \/>\n<meta property=\"og:description\" content=\"Never trade any mentioned stock and after our examples! Market and Us is an educational service and not an investment advisor. Yields and price histories of the past are no indication of the price development in the future. No spoken or written statement within this website constitutes a recommendation to buy or sell a stock [&hellip;]\" \/>\n<meta property=\"og:url\" content=\"https:\/\/market-and-us.com\/blog\/disclaimer\/\" \/>\n<meta property=\"og:site_name\" content=\"The Market and Us\" \/>\n<meta name=\"twitter:card\" content=\"summary_large_image\" \/>\n<meta name=\"twitter:label1\" content=\"Est. reading time\">\n\t<meta name=\"twitter:data1\" content=\"1 minute\">\n<script type=\"application\/ld+json\" class=\"yoast-schema-graph\">{\"@context\":\"https:\/\/schema.org\",\"@graph\":[{\"@type\":[\"Person\",\"Organization\"],\"@id\":\"https:\/\/market-and-us.com\/blog\/#\/schema\/person\/f32a93c5a88a9ec9a9595fff6179b097\",\"name\":\"Alexander\",\"image\":{\"@type\":\"ImageObject\",\"@id\":\"https:\/\/market-and-us.com\/blog\/#personlogo\",\"inLanguage\":\"en-US\",\"url\":\"http:\/\/market-and-us.com\/blog\/wp-content\/uploads\/2019\/10\/redakteur-96x96.png\",\"contentUrl\":\"http:\/\/market-and-us.com\/blog\/wp-content\/uploads\/2019\/10\/redakteur-96x96.png\",\"caption\":\"Alexander\"},\"logo\":{\"@id\":\"https:\/\/market-and-us.com\/blog\/#personlogo\"},\"description\":\"Alexander bought his first stock in October 2009 without knowing about the luck for this point of time. In 2016 he started to trade, since 2017 he notes down watchlists and statistics every day and because he knows how to code since he was a child, he uses Python, PHP, HTML5 and JS for making the daily to-dos easier. Because many of his friends wanted him not to stop writing about the markets he started this blog to share his ideas and tools.\",\"sameAs\":[\"https:\/\/market-and-us.com\"]},{\"@type\":\"WebSite\",\"@id\":\"https:\/\/market-and-us.com\/blog\/#website\",\"url\":\"https:\/\/market-and-us.com\/blog\/\",\"name\":\"The Market and Us\",\"description\":\"Weekly Analysis of the Stock Market, Financial Coding and Online-Tools\",\"publisher\":{\"@id\":\"https:\/\/market-and-us.com\/blog\/#\/schema\/person\/f32a93c5a88a9ec9a9595fff6179b097\"},\"potentialAction\":[{\"@type\":\"SearchAction\",\"target\":\"https:\/\/market-and-us.com\/blog\/?s={search_term_string}\",\"query-input\":\"required name=search_term_string\"}],\"inLanguage\":\"en-US\"},{\"@type\":\"WebPage\",\"@id\":\"https:\/\/market-and-us.com\/blog\/disclaimer\/#webpage\",\"url\":\"https:\/\/market-and-us.com\/blog\/disclaimer\/\",\"name\":\"Disclaimer - The Market and Us\",\"isPartOf\":{\"@id\":\"https:\/\/market-and-us.com\/blog\/#website\"},\"datePublished\":\"2019-11-01T19:10:17+00:00\",\"dateModified\":\"2019-11-01T19:10:17+00:00\",\"breadcrumb\":{\"@id\":\"https:\/\/market-and-us.com\/blog\/disclaimer\/#breadcrumb\"},\"inLanguage\":\"en-US\",\"potentialAction\":[{\"@type\":\"ReadAction\",\"target\":[\"https:\/\/market-and-us.com\/blog\/disclaimer\/\"]}]},{\"@type\":\"BreadcrumbList\",\"@id\":\"https:\/\/market-and-us.com\/blog\/disclaimer\/#breadcrumb\",\"itemListElement\":[{\"@type\":\"ListItem\",\"position\":1,\"item\":{\"@type\":\"WebPage\",\"@id\":\"https:\/\/market-and-us.com\/blog\/\",\"url\":\"https:\/\/market-and-us.com\/blog\/\",\"name\":\"Home\"}},{\"@type\":\"ListItem\",\"position\":2,\"item\":{\"@id\":\"https:\/\/market-and-us.com\/blog\/disclaimer\/#webpage\"}}]}]}<\/script>\n<!-- \/ Yoast SEO plugin. -->","yasr_visitor_votes":{"number_of_votes":0,"sum_votes":0,"stars_attributes":{"read_only":false,"span_bottom":false}},"_links":{"self":[{"href":"https:\/\/market-and-us.com\/blog\/wp-json\/wp\/v2\/pages\/164"}],"collection":[{"href":"https:\/\/market-and-us.com\/blog\/wp-json\/wp\/v2\/pages"}],"about":[{"href":"https:\/\/market-and-us.com\/blog\/wp-json\/wp\/v2\/types\/page"}],"author":[{"embeddable":true,"href":"https:\/\/market-and-us.com\/blog\/wp-json\/wp\/v2\/users\/1"}],"replies":[{"embeddable":true,"href":"https:\/\/market-and-us.com\/blog\/wp-json\/wp\/v2\/comments?post=164"}],"version-history":[{"count":1,"href":"https:\/\/market-and-us.com\/blog\/wp-json\/wp\/v2\/pages\/164\/revisions"}],"predecessor-version":[{"id":165,"href":"https:\/\/market-and-us.com\/blog\/wp-json\/wp\/v2\/pages\/164\/revisions\/165"}],"wp:attachment":[{"href":"https:\/\/market-and-us.com\/blog\/wp-json\/wp\/v2\/media?parent=164"}],"curies":[{"name":"wp","href":"https:\/\/api.w.org\/{rel}","templated":true}]}}